{"id":5692,"date":"2018-01-01T17:17:41","date_gmt":"2018-01-01T16:17:41","guid":{"rendered":"https:\/\/test.opusurbain.com\/?page_id=5692"},"modified":"2018-06-29T18:31:13","modified_gmt":"2018-06-29T16:31:13","slug":"centralite-attractivite-et-idente","status":"publish","type":"page","link":"https:\/\/test.opusurbain.com\/index.php\/centralite-attractivite-et-idente\/","title":{"rendered":"Centralit\u00e9 : Attractivit\u00e9 et Identit\u00e9"},"content":{"rendered":"<p>[et_pb_section bb_built=\u00a0\u00bb1&Prime;][et_pb_row][et_pb_column type=\u00a0\u00bb2_3&Prime;][et_pb_post_title _builder_version=\u00a0\u00bb3.0.92&Prime; title=\u00a0\u00bbon\u00a0\u00bb meta=\u00a0\u00bboff\u00a0\u00bb author=\u00a0\u00bbon\u00a0\u00bb date=\u00a0\u00bbon\u00a0\u00bb categories=\u00a0\u00bbon\u00a0\u00bb comments=\u00a0\u00bbon\u00a0\u00bb featured_image=\u00a0\u00bboff\u00a0\u00bb featured_placement=\u00a0\u00bbbelow\u00a0\u00bb text_color=\u00a0\u00bbdark\u00a0\u00bb text_background=\u00a0\u00bboff\u00a0\u00bb \/][et_pb_text]<\/p>\n<h2><strong>\u00ab Un savoir faire au service du bien commun \u00bb<\/strong><\/h2>\n<div class=\"cadre-vert\"><strong>A travers des projets embl\u00e9matiques, OPUS URBAIN a acquis une excellente connaissance des probl\u00e9matiques li\u00e9es \u00e0 la requalification et \u00e0 la revitalisation des centres anciens, historiques et patrimoniaux.<\/strong><\/div>\n<p>&nbsp;<\/p>\n<p>En tant que paysagiste urbaniste mandataire, Nicolas VAN BEVER a notamment port\u00e9 les op\u00e9rations suivantes :<\/p>\n<p><span class=\"numero\">+<\/span> Requalification du <strong>centre historique de Fontainebleau <\/strong>(2.5ha), r\u00e9alisation de la place de la R\u00e9publique (9300m\u00b2), requalification de la rue du Ch\u00e2teau (2500m\u00b2).<\/p>\n<p><span class=\"numero\">+<\/span> Reconversion de l\u2019<strong>Ecole d\u2019Etat Major de Compi\u00e8gne<\/strong> (2.5ha), entre l\u2019Oise et le Palais Imp\u00e9rial.<\/p>\n<p><span class=\"numero\">+<\/span> R\u00e9am\u00e9nagement du <strong>centre historique<\/strong>, <strong>place de l\u2019H\u00f4tel de Ville<\/strong> et ses environs (1.5ha). Am\u00e9nagement du <strong>secteur commer\u00e7ant<\/strong> du centre ville d\u2019<strong>Evreux<\/strong> (7000m\u00b2).<\/p>\n<p>&nbsp;<\/p>\n<div class=\"cadre-vert-clair\">\n<p><strong>Ce savoir faire s\u2019appuie sur 5 axes de r\u00e9flexion:<\/strong><\/p>\n<p><span class=\"numero\">\u2776<strong>L\u2019IDENTIT\u00c9:<br \/>\n<\/strong><\/span> Chaque lieu, chaque ville poss\u00e8de une histoire, une g\u00e9ographie, un patrimoine, une culture, une singularit\u00e9, des mod\u00e9natures et des savoirs faires qu\u2019il s\u2019agit de r\u00e9v\u00e9ler \u00e0 travers les am\u00e9nagements projet\u00e9s, afin d\u2019inscrire \u00ab le nouveau \u00bb dans un contexte et une continuit\u00e9 historique. Le projet doit <strong>puiser dans cette identit\u00e9 en vue de donner toute sa coh\u00e9rence aux am\u00e9nagements de demain.<\/strong><\/p>\n<p><span class=\"numero\">\u2777 <strong>USAGES ET SERVICES:<br \/>\n<\/strong><\/span> Penser la place publique comme un <strong>espace f\u00e9d\u00e9rateur, citoyen, anim\u00e9<\/strong>, cr\u00e9ateur de liens, accessible \u00e0 tous, qui permette l\u2019accueil des usages quotidiens tout autant que l\u2019accueil des temps forts de la ville (\u00e9v\u00e9nements, festivit\u00e9s, march\u00e9 etc.). L\u2019animation de l\u2019espace public doit par ailleurs, profiter \u00e0 la vitalit\u00e9 commerciale du centre ville en offrant <strong>un cadre de vie confortable, attractif et dynamique.<\/strong><\/p>\n<p><span class=\"numero\">\u2778 <strong>NATURE EN VILLE:<\/strong><\/span><br \/>\nRepenser la place de la <strong>nature en ville<\/strong>, favoriser l\u2019implantation d\u2019\u00e9cosyst\u00e8mes, l\u2019infiltration des eaux de pluie, les continuit\u00e9s v\u00e9g\u00e9tales \u00e0 grande \u00e9chelle. Int\u00e9grer concr\u00e8tement la dimension durable et \u00e9cologique dans l\u2019<strong>ADN des projets.<\/strong> Mettre en \u0153uvre des mat\u00e9riaux p\u00e9rennes tels que la pierre naturelle et le bois.<\/p>\n<p><span class=\"numero\">\u2779 <strong>LA QUALIT\u00c9 DES AM\u00c9NAGEMENTS:<\/strong><\/span><br \/>\nOPUS URBAIN attache un <strong>soin particulier <\/strong>au dessin \u00e9pur\u00e9, aux proportions, au choix des mat\u00e9riaux, \u00e0 la vibration des calepinages, \u00e0 la palette v\u00e9g\u00e9tale et au paysage nocturne propos\u00e9.<\/p>\n<p><span class=\"numero\">\u277a <strong>LA CO-CONSTRUCTION DES PROJETS ET LA CONCERTATION:<br \/>\n<\/strong><\/span>Les modes de gouvernance ont chang\u00e9 et il y a l\u00e0 une opportunit\u00e9 d\u2019associer plus largement les habitants et l\u2019ensemble des acteurs du territoire, associations et acteurs \u00e9conomiques, au processus de construction d\u2019un projet. En ce sens, l\u2019agence OPUS URBAIN aime \u00e9couter, expliquer et convaincre afin de permettre une <strong>pleine adh\u00e9sion <\/strong>du public aux projets qu\u2019elle porte.<\/p>\n<\/div>\n<p>[\/et_pb_text][\/et_pb_column][et_pb_column type=\u00a0\u00bb1_3&Prime;][\/et_pb_column][\/et_pb_row][\/et_pb_section]<\/p>\n","protected":false},"excerpt":{"rendered":"<p><div class=\"et_pb_row et_pb_row_0 et_pb_row_empty\">\n\t\t\t\t\n\t\t\t\t\n\t\t\t\t\n\t\t\t\t\n\t\t\t\t\n\t\t\t<\/div><div class=\"et_pb_module et_pb_text et_pb_text_0  et_pb_text_align_left et_pb_bg_layout_light\">\n\t\t\t\t\n\t\t\t\t\n\t\t\t\t\n\t\t\t\t\n\t\t\t\t\n\t\t\t<\/div> \u00ab Un savoir faire au service du bien commun \u00bb A travers des projets embl\u00e9matiques, OPUS URBAIN a acquis une excellente connaissance des probl\u00e9matiques li\u00e9es \u00e0 la requalification et \u00e0 la revitalisation des centres anciens, historiques et patrimoniaux. &nbsp; En tant que paysagiste urbaniste mandataire, Nicolas VAN BEVER a notamment port\u00e9 les op\u00e9rations suivantes [&hellip;]<\/p>\n","protected":false},"author":1,"featured_media":0,"parent":0,"menu_order":0,"comment_status":"closed","ping_status":"closed","template":"","meta":{"_et_pb_use_builder":"on","_et_pb_old_content":"<h2><strong>\u00ab Un savoir faire au service du bien commun \u00bb<\/strong><\/h2><div class=\"cadre-vert\"><strong>A travers des projets embl\u00e9matiques, OPUS URBAIN a acquis une excellente connaissance des probl\u00e9matiques li\u00e9es \u00e0 la requalification et \u00e0 la revitalisation des centres anciens, historiques et patrimoniaux.<\/strong><\/div><p>\u00a0<\/p><p>En tant que paysagiste urbaniste mandataire, Nicolas VAN BEVER a notamment port\u00e9 les op\u00e9rations suivantes :<\/p><p><span class=\"numero\">+<\/span> Requalification du <strong>centre historique de Fontainebleau <\/strong>(2.5ha), r\u00e9alisation de la place de la R\u00e9publique (9300m\u00b2), requalification de la rue du Ch\u00e2teau (2500m\u00b2).<\/p><p><span class=\"numero\">+<\/span> Reconversion de l\u2019<strong>Ecole d\u2019Etat Major de Compi\u00e8gne<\/strong> (2.5ha), entre l\u2019Oise et le Palais Imp\u00e9rial.<\/p><p><span class=\"numero\">+<\/span> R\u00e9am\u00e9nagement du <strong>centre historique<\/strong>, <strong>place de l\u2019H\u00f4tel de Ville<\/strong> et ses environs (1.5ha). Am\u00e9nagement du <strong>secteur commer\u00e7ant<\/strong> du centre ville d\u2019<strong>Evreux<\/strong> (7000m\u00b2).<\/p><p>\u00a0<\/p><div class=\"cadre-vert-clair\"><p><strong>Ce savoir faire s\u2019appuie sur 5 axes de r\u00e9flexion:<\/strong><\/p><p><span class=\"numero\">\u2776<strong>L\u2019IDENTIT\u00c9:<br \/> <\/strong><\/span> Chaque lieu, chaque ville poss\u00e8de une histoire, une g\u00e9ographie, un patrimoine, une culture, une singularit\u00e9, des mod\u00e9natures et des savoirs faires qu\u2019il s\u2019agit de r\u00e9v\u00e9ler \u00e0 travers les am\u00e9nagements projet\u00e9s, afin d\u2019inscrire \u00ab le nouveau \u00bb dans un contexte et une continuit\u00e9 historique. Le projet doit <strong>puiser dans cette identit\u00e9 en vue de donner toute sa coh\u00e9rence aux am\u00e9nagements de demain.<\/strong><\/p><p><span class=\"numero\">\u2777 <strong>USAGES ET SERVICES:<br \/> <\/strong><\/span> Penser la place publique comme un <strong>espace f\u00e9d\u00e9rateur, citoyen, anim\u00e9<\/strong>, cr\u00e9ateur de liens, accessible \u00e0 tous, qui permette l\u2019accueil des usages quotidiens tout autant que l\u2019accueil des temps forts de la ville (\u00e9v\u00e9nements, festivit\u00e9s, march\u00e9 etc.). L\u2019animation de l\u2019espace public doit par ailleurs, profiter \u00e0 la vitalit\u00e9 commerciale du centre ville en offrant <strong>un cadre de vie confortable, attractif et dynamique.<\/strong><\/p><p><span class=\"numero\">\u2778 <strong>NATURE EN VILLE:<\/strong><\/span><br \/> Repenser la place de la <strong>nature en ville<\/strong>, favoriser l\u2019implantation d\u2019\u00e9cosyst\u00e8mes, l\u2019infiltration des eaux de pluie, les continuit\u00e9s v\u00e9g\u00e9tales \u00e0 grande \u00e9chelle. Int\u00e9grer concr\u00e8tement la dimension durable et \u00e9cologique dans l\u2019<strong>ADN des projets.<\/strong> Mettre en \u0153uvre des mat\u00e9riaux p\u00e9rennes tels que la pierre naturelle et le bois.<\/p><p><span class=\"numero\">\u2779 <strong>LA QUALIT\u00c9 DES AM\u00c9NAGEMENTS:<\/strong><\/span><br \/> OPUS URBAIN attache un <strong>soin particulier <\/strong>au dessin \u00e9pur\u00e9, aux proportions, au choix des mat\u00e9riaux, \u00e0 la vibration des calepinages, \u00e0 la palette v\u00e9g\u00e9tale et au paysage nocturne propos\u00e9.<\/p><p><span class=\"numero\">\u277a <strong>LA CO-CONSTRUCTION DES PROJETS ET LA CONCERTATION:<br \/> <\/strong><\/span>Les modes de gouvernance ont chang\u00e9 et il y a l\u00e0 une opportunit\u00e9 d\u2019associer plus largement les habitants et l\u2019ensemble des acteurs du territoire, associations et acteurs \u00e9conomiques, au processus de construction d\u2019un projet. En ce sens, l\u2019agence OPUS URBAIN aime \u00e9couter, expliquer et convaincre afin de permettre une <strong>pleine adh\u00e9sion <\/strong>du public aux projets qu\u2019elle porte.<\/p><\/div>","_et_gb_content_width":""},"yoast_head":"<!-- This site is optimized with the Yoast SEO plugin v19.11 - https:\/\/yoast.com\/wordpress\/plugins\/seo\/ -->\n<title>Centralit\u00e9 : Attractivit\u00e9 et Identit\u00e9 - Opus Urbain<\/title>\n<meta name=\"robots\" content=\"index, follow, max-snippet:-1, max-image-preview:large, max-video-preview:-1\" \/>\n<link rel=\"canonical\" href=\"https:\/\/test.opusurbain.com\/index.php\/centralite-attractivite-et-idente\/\" \/>\n<meta property=\"og:locale\" content=\"fr_FR\" \/>\n<meta property=\"og:type\" content=\"article\" \/>\n<meta property=\"og:title\" content=\"Centralit\u00e9 : Attractivit\u00e9 et Identit\u00e9 - Opus Urbain\" \/>\n<meta property=\"og:description\" content=\"\u00ab Un savoir faire au service du bien commun \u00bb A travers des projets embl\u00e9matiques, OPUS URBAIN a acquis une excellente connaissance des probl\u00e9matiques li\u00e9es \u00e0 la requalification et \u00e0 la revitalisation des centres anciens, historiques et patrimoniaux. &nbsp; En tant que paysagiste urbaniste mandataire, Nicolas VAN BEVER a notamment port\u00e9 les op\u00e9rations suivantes [&hellip;]\" \/>\n<meta property=\"og:url\" content=\"https:\/\/test.opusurbain.com\/index.php\/centralite-attractivite-et-idente\/\" \/>\n<meta property=\"og:site_name\" content=\"Opus Urbain\" \/>\n<meta property=\"article:modified_time\" content=\"2018-06-29T16:31:13+00:00\" \/>\n<meta name=\"twitter:card\" content=\"summary_large_image\" \/>\n<meta name=\"twitter:label1\" content=\"Dur\u00e9e de lecture estim\u00e9e\" \/>\n\t<meta name=\"twitter:data1\" content=\"3 minutes\" \/>\n<script type=\"application\/ld+json\" class=\"yoast-schema-graph\">{\"@context\":\"https:\/\/schema.org\",\"@graph\":[{\"@type\":\"WebPage\",\"@id\":\"https:\/\/test.opusurbain.com\/index.php\/centralite-attractivite-et-idente\/\",\"url\":\"https:\/\/test.opusurbain.com\/index.php\/centralite-attractivite-et-idente\/\",\"name\":\"Centralit\u00e9 : Attractivit\u00e9 et Identit\u00e9 - Opus Urbain\",\"isPartOf\":{\"@id\":\"https:\/\/test.opusurbain.com\/#website\"},\"datePublished\":\"2018-01-01T16:17:41+00:00\",\"dateModified\":\"2018-06-29T16:31:13+00:00\",\"breadcrumb\":{\"@id\":\"https:\/\/test.opusurbain.com\/index.php\/centralite-attractivite-et-idente\/#breadcrumb\"},\"inLanguage\":\"fr-FR\",\"potentialAction\":[{\"@type\":\"ReadAction\",\"target\":[\"https:\/\/test.opusurbain.com\/index.php\/centralite-attractivite-et-idente\/\"]}]},{\"@type\":\"BreadcrumbList\",\"@id\":\"https:\/\/test.opusurbain.com\/index.php\/centralite-attractivite-et-idente\/#breadcrumb\",\"itemListElement\":[{\"@type\":\"ListItem\",\"position\":1,\"name\":\"Accueil\",\"item\":\"https:\/\/test.opusurbain.com\/\"},{\"@type\":\"ListItem\",\"position\":2,\"name\":\"Centralit\u00e9 : Attractivit\u00e9 et Identit\u00e9\"}]},{\"@type\":\"WebSite\",\"@id\":\"https:\/\/test.opusurbain.com\/#website\",\"url\":\"https:\/\/test.opusurbain.com\/\",\"name\":\"Opus Urbain\",\"description\":\"paysage\/urbanisme\/\u00e9cologie\",\"potentialAction\":[{\"@type\":\"SearchAction\",\"target\":{\"@type\":\"EntryPoint\",\"urlTemplate\":\"https:\/\/test.opusurbain.com\/?s={search_term_string}\"},\"query-input\":\"required name=search_term_string\"}],\"inLanguage\":\"fr-FR\"}]}<\/script>\n<!-- \/ Yoast SEO plugin. -->","yoast_head_json":{"title":"Centralit\u00e9 : Attractivit\u00e9 et Identit\u00e9 - Opus Urbain","robots":{"index":"index","follow":"follow","max-snippet":"max-snippet:-1","max-image-preview":"max-image-preview:large","max-video-preview":"max-video-preview:-1"},"canonical":"https:\/\/test.opusurbain.com\/index.php\/centralite-attractivite-et-idente\/","og_locale":"fr_FR","og_type":"article","og_title":"Centralit\u00e9 : Attractivit\u00e9 et Identit\u00e9 - Opus Urbain","og_description":"\u00ab Un savoir faire au service du bien commun \u00bb A travers des projets embl\u00e9matiques, OPUS URBAIN a acquis une excellente connaissance des probl\u00e9matiques li\u00e9es \u00e0 la requalification et \u00e0 la revitalisation des centres anciens, historiques et patrimoniaux. &nbsp; En tant que paysagiste urbaniste mandataire, Nicolas VAN BEVER a notamment port\u00e9 les op\u00e9rations suivantes [&hellip;]","og_url":"https:\/\/test.opusurbain.com\/index.php\/centralite-attractivite-et-idente\/","og_site_name":"Opus Urbain","article_modified_time":"2018-06-29T16:31:13+00:00","twitter_card":"summary_large_image","twitter_misc":{"Dur\u00e9e de lecture estim\u00e9e":"3 minutes"},"schema":{"@context":"https:\/\/schema.org","@graph":[{"@type":"WebPage","@id":"https:\/\/test.opusurbain.com\/index.php\/centralite-attractivite-et-idente\/","url":"https:\/\/test.opusurbain.com\/index.php\/centralite-attractivite-et-idente\/","name":"Centralit\u00e9 : Attractivit\u00e9 et Identit\u00e9 - Opus Urbain","isPartOf":{"@id":"https:\/\/test.opusurbain.com\/#website"},"datePublished":"2018-01-01T16:17:41+00:00","dateModified":"2018-06-29T16:31:13+00:00","breadcrumb":{"@id":"https:\/\/test.opusurbain.com\/index.php\/centralite-attractivite-et-idente\/#breadcrumb"},"inLanguage":"fr-FR","potentialAction":[{"@type":"ReadAction","target":["https:\/\/test.opusurbain.com\/index.php\/centralite-attractivite-et-idente\/"]}]},{"@type":"BreadcrumbList","@id":"https:\/\/test.opusurbain.com\/index.php\/centralite-attractivite-et-idente\/#breadcrumb","itemListElement":[{"@type":"ListItem","position":1,"name":"Accueil","item":"https:\/\/test.opusurbain.com\/"},{"@type":"ListItem","position":2,"name":"Centralit\u00e9 : Attractivit\u00e9 et Identit\u00e9"}]},{"@type":"WebSite","@id":"https:\/\/test.opusurbain.com\/#website","url":"https:\/\/test.opusurbain.com\/","name":"Opus Urbain","description":"paysage\/urbanisme\/\u00e9cologie","potentialAction":[{"@type":"SearchAction","target":{"@type":"EntryPoint","urlTemplate":"https:\/\/test.opusurbain.com\/?s={search_term_string}"},"query-input":"required name=search_term_string"}],"inLanguage":"fr-FR"}]}},"_links":{"self":[{"href":"https:\/\/test.opusurbain.com\/index.php\/wp-json\/wp\/v2\/pages\/5692"}],"collection":[{"href":"https:\/\/test.opusurbain.com\/index.php\/wp-json\/wp\/v2\/pages"}],"about":[{"href":"https:\/\/test.opusurbain.com\/index.php\/wp-json\/wp\/v2\/types\/page"}],"author":[{"embeddable":true,"href":"https:\/\/test.opusurbain.com\/index.php\/wp-json\/wp\/v2\/users\/1"}],"replies":[{"embeddable":true,"href":"https:\/\/test.opusurbain.com\/index.php\/wp-json\/wp\/v2\/comments?post=5692"}],"version-history":[{"count":24,"href":"https:\/\/test.opusurbain.com\/index.php\/wp-json\/wp\/v2\/pages\/5692\/revisions"}],"predecessor-version":[{"id":36520,"href":"https:\/\/test.opusurbain.com\/index.php\/wp-json\/wp\/v2\/pages\/5692\/revisions\/36520"}],"wp:attachment":[{"href":"https:\/\/test.opusurbain.com\/index.php\/wp-json\/wp\/v2\/media?parent=5692"}],"curies":[{"name":"wp","href":"https:\/\/api.w.org\/{rel}","templated":true}]}}